{"id":12657,"date":"2026-03-11T15:08:58","date_gmt":"2026-03-11T14:08:58","guid":{"rendered":"https:\/\/engw24.de\/?page_id=12657"},"modified":"2026-03-16T09:03:15","modified_gmt":"2026-03-16T08:03:15","slug":"impressum","status":"publish","type":"page","link":"https:\/\/www.engw24.de\/en\/impressum\/","title":{"rendered":"Impressum"},"content":{"rendered":"<div data-elementor-type=\"wp-page\" data-elementor-id=\"12657\" class=\"elementor elementor-12657\">\n\t\t\t\t<div class=\"elementor-element elementor-element-1ece11a e-flex e-con-boxed e-con e-parent\" data-id=\"1ece11a\" data-element_type=\"container\" data-e-type=\"container\" data-settings=\"{&quot;background_background&quot;:&quot;classic&quot;}\">\t\t\t<div class=\"e-con-inner\">\r\n\t\t\t\t<div class=\"elementor-element elementor-element-b5bd9b4 elementor-widget elementor-widget-pxl_heading\" data-id=\"b5bd9b4\" data-element_type=\"widget\" data-e-type=\"widget\" data-widget_type=\"pxl_heading.default\">\n\t\t\t\t<div class=\"elementor-widget-container\">\n\t\t\t\t\t<div id=\"pxl-pxl_heading-b5bd9b4-1312\" class=\"pxl-heading\">\n\t<div class=\"pxl-item--container\">\n\t\t<div class=\"pxl-item--inner\">\n\t\t\t\t\t\t\t<div class=\"pxl-item--subtitle pxl-subtitle-default\" data-wow-delay=\"ms\">\n\t\t\t\t\t\t\t\t\t\t\t<svg width=\"52\" height=\"20\" viewbox=\"0 0 52 20\" fill=\"none\" xmlns=\"http:\/\/www.w3.org\/2000\/svg\">\n\t\t\t\t\t\t\t<rect y=\"11\" width=\"50\" height=\"1\" fill=\"#86BB46\"\/>\n\t\t\t\t\t\t\t<rect class=\"pxl-move-rect\" x=\"44.7782\" y=\"4\" width=\"10\" height=\"10\" transform=\"rotate(45 44.7782 4)\" fill=\"#86BB46\"\/>\n\t\t\t\t\t\t<\/svg>\n\t\t\t\t\t\t\t\t\t\t<span class=\"pxl-item--subtext\">\n\t\t\t\t\t\tImpressum\t\t\t\t\t<\/span>\n\t\t\t\t<\/div>\n\t\t\t\t\t\t\t\t\t\t<h2 class=\"pxl-item--title  h2\" \n\t\t\t\tdata-wow-delay=\"ms\">\n\t\t\t\t\t\t\t\t\t\t\tEnergiewelt24\t\t\t\t\t\t\t\t\t<\/h2>\n\t\t\t\t\t<\/div>\n\t<\/div>\n<\/div>\t\t\t\t<\/div>\n\t\t\t\t<\/div>\n\t\t\t\t\t<\/div>\r\n\t\t\t\t<\/div>\r\n\t\t<div class=\"elementor-element elementor-element-6672864 e-grid e-con-boxed e-con e-parent\" data-id=\"6672864\" data-element_type=\"container\" data-e-type=\"container\" data-settings=\"{&quot;background_background&quot;:&quot;classic&quot;}\">\t\t\t<div class=\"e-con-inner\">\r\n\t\t\t\t<div class=\"elementor-element elementor-element-1a59b1b elementor-widget-mobile_extra__width-inherit elementor-widget elementor-widget-pxl_text_editor\" data-id=\"1a59b1b\" data-element_type=\"widget\" data-e-type=\"widget\" data-widget_type=\"pxl_text_editor.default\">\n\t\t\t\t<div class=\"elementor-widget-container\">\n\t\t\t\t\t<div class=\"pxl-text-editor\">\n\t<div class=\"pxl-item--inner pxl-text2\" data-wow-delay=\"ms\">\n\t\t<h3 class=\"title\">Anbieter Kennung<\/h3><p><strong>Energiewelt24<\/strong><br \/>Orchideenweg 8<br \/>55126 Mainz<\/p><p><i class=\"fa fa-phone\"><\/i> +49 (0) 6131 \u2013 9309331<\/p><p><i class=\"fa fa-print\"><\/i> +49 (0) 6131 \u2013 9309332<\/p><p><i class=\"fa fa-mobile\"><\/i> +49 (0) 177 \u2013 8863923<\/p><p><i class=\"fa fa-envelope\"><\/i> <a href=\"mailto:info@engw24.de\">info@engw24.de<\/a><\/p><p><i class=\"fa fa-globe\"><\/i> <a href=\"https:\/\/www.engw24.de\/en\/\">www.engw24.de<\/a><\/p>\t\t\n\t<\/div>\n<\/div>\t\t\t\t<\/div>\n\t\t\t\t<\/div>\n\t\t\t\t<div class=\"elementor-element elementor-element-4c8eb6d elementor-widget-mobile_extra__width-inherit elementor-widget elementor-widget-pxl_text_editor\" data-id=\"4c8eb6d\" data-element_type=\"widget\" data-e-type=\"widget\" data-widget_type=\"pxl_text_editor.default\">\n\t\t\t\t<div class=\"elementor-widget-container\">\n\t\t\t\t\t<div class=\"pxl-text-editor\">\n\t<div class=\"pxl-item--inner pxl-text2\" data-wow-delay=\"ms\">\n\t\t<h3 class=\"title\">Rechtliche Informationen<\/h3><p><br \/><strong>Inhaber:<\/strong> Herr Hans W. Schmandt<br \/><strong>Rechtsform:<\/strong> Einzelfirma<br \/><strong>Registerart:<\/strong> Handelsregister<br \/><strong>SteuerNr.:<\/strong> 26\/149\/60576<br \/><strong>Umsatzsteuer-ID:<\/strong>DE218019183<\/p>\t\t\n\t<\/div>\n<\/div>\t\t\t\t<\/div>\n\t\t\t\t<\/div>\n\t\t\t\t<div class=\"elementor-element elementor-element-68c8bd3 elementor-widget elementor-widget-pxl_text_editor\" data-id=\"68c8bd3\" data-element_type=\"widget\" data-e-type=\"widget\" data-widget_type=\"pxl_text_editor.default\">\n\t\t\t\t<div class=\"elementor-widget-container\">\n\t\t\t\t\t<div class=\"pxl-text-editor\">\n\t<div class=\"pxl-item--inner pxl-text2\" data-wow-delay=\"ms\">\n\t\t<h3 class=\"title\">Allgemeine Informationen<\/h3><p>\u00a0<\/p><p class=\"width-90 md-width-100\">Online-Streitbeilegung gem\u00e4\u00df Art. 14 Abs. 1 ODR-VO: Die Europ\u00e4ische Kommission stellt eine Plattform zur Online-Streitbeilegung (OS) bereit, die Sie unter <a href=\"https:\/\/ec.europa.eu\/consumers\/odr\/\" target=\"_blank\" rel=\"noopener\">http:\/\/ec.europa.eu\/consumers\/odr\/<\/a> finden. Dar\u00fcber hinaus nimmt unser Betrieb an einem Verbraucherstreitigkeitsverfahren nicht teil.<\/p><p><br \/>Wichtiger Hinweis: Die Plattform zur Online-Streitbeilegung (OS) wird zum 20.7.2025 endg\u00fcltig eingestellt. Die Einreichung von Beschwerden auf der OS-Plattform wird daher bereits am 20.3.2025 eingestellt. Wir sind nicht bereit, an einem au\u00dfergerichtlichen Schlichtungsverfahren vor einer Verbraucherschlichtungsstelle teilzunehmen. Zust\u00e4ndig ist die Universalschlichtungsstelle des Bundes am Zentrum f\u00fcr Schlichtung e.V., Stra\u00dfburger Stra\u00dfe 8, 77694 Kehl am Rhein, Deutschland, https:\/\/www.universalschlichtungsstelle.de\/.<\/p><p>Quellenangabe f\u00fcr verwendete Fotos &amp; Bilder<\/p><p>stock.adobe.com: <a href=\"https:\/\/stock.adobe.com\" target=\"_blank\" rel=\"noopener\">stock.adobe.com<\/a><\/p>\t\t\n\t<\/div>\n<\/div>\t\t\t\t<\/div>\n\t\t\t\t<\/div>\n\t\t\t\t\t<\/div>\r\n\t\t\t\t<\/div>\r\n\t\t<div class=\"elementor-element elementor-element-0e57966 e-flex e-con-boxed e-con e-parent\" data-id=\"0e57966\" data-element_type=\"container\" data-e-type=\"container\" data-settings=\"{&quot;background_background&quot;:&quot;classic&quot;}\">\t\t\t<div class=\"e-con-inner\">\r\n\t\t\t\t<div class=\"elementor-element elementor-element-9d3a07f elementor-widget elementor-widget-pxl_text_editor\" data-id=\"9d3a07f\" data-element_type=\"widget\" data-e-type=\"widget\" data-widget_type=\"pxl_text_editor.default\">\n\t\t\t\t<div class=\"elementor-widget-container\">\n\t\t\t\t\t<div class=\"pxl-text-editor\">\n\t<div class=\"pxl-item--inner pxl-text2\" data-wow-delay=\"ms\">\n\t\t<h3 class=\"title mb-2\">Disclaimer<\/h3><\/br>\n<h4 class=\"title\">Haftung f\u00fcr Inhalte<\/h4>\nAls Diensteanbieter sind wir gem\u00e4\u00df \u00a7 7 Abs.1 TMG f\u00fcr eigene Inhalte auf diesen Seiten nach den allgemeinen Gesetzen verantwortlich. Nach \u00a7\u00a7 8 bis 10 TMG sind wir als Diensteanbieter jedoch nicht verpflichtet, \u00fcbermittelte oder gespeicherte fremde Informationen zu \u00fcberwachen oder nach Umst\u00e4nden zu forschen, die auf eine rechtswidrige T\u00e4tigkeit hinweisen. Verpflichtungen zur Entfernung oder Sperrung der Nutzung von Informationen nach den allgemeinen Gesetzen bleiben hiervon unber\u00fchrt. Eine diesbez\u00fcgliche Haftung ist jedoch erst ab dem Zeitpunkt der Kenntnis einer konkreten Rechtsverletzung m\u00f6glich. Bei Bekanntwerden von entsprechenden Rechtsverletzungen werden wir diese Inhalte umgehend entfernen.<\/br><\/br>\n<h4 class=\"title\">Haftung f\u00fcr Links<\/h4>\nUnser Angebot enth\u00e4lt Links zu externen Websites Dritter, auf deren Inhalte wir keinen Einfluss haben. Deshalb k\u00f6nnen wir f\u00fcr diese fremden Inhalte auch keine Gew\u00e4hr \u00fcbernehmen. F\u00fcr die Inhalte der verlinkten Seiten ist stets der jeweilige Anbieter oder Betreiber der Seiten verantwortlich. Die verlinkten Seiten wurden zum Zeitpunkt der Verlinkung auf m\u00f6gliche Rechtsverst\u00f6\u00dfe \u00fcberpr\u00fcft. Rechtswidrige Inhalte waren zum Zeitpunkt der Verlinkung nicht erkennbar. Eine permanente inhaltliche Kontrolle der verlinkten Seiten ist jedoch ohne konkrete Anhaltspunkte einer Rechtsverletzung nicht zumutbar. Bei Bekanntwerden von Rechtsverletzungen werden wir derartige Links umgehend entfernen.<\/br><\/br>\n<h4 class=\"title\">Urheberrecht<\/h4>\nDie durch die Seitenbetreiber erstellten Inhalte und Werke auf diesen Seiten unterliegen dem deutschen Urheberrecht. Die Vervielf\u00e4ltigung, Bearbeitung, Verbreitung und jede Art der Verwertung au\u00dferhalb der Grenzen des Urheberrechtes bed\u00fcrfen der schriftlichen Zustimmung des jeweiligen Autors bzw. Erstellers. Downloads und Kopien dieser Seite sind nur f\u00fcr den privaten, nicht kommerziellen Gebrauch gestattet. Soweit die Inhalte auf dieser Seite nicht vom Betreiber erstellt wurden, werden die Urheberrechte Dritter beachtet. Insbesondere werden Inhalte Dritter als solche gekennzeichnet. Sollten Sie trotzdem auf eine Urheberrechtsverletzung aufmerksam werden, bitten wir um einen entsprechenden Hinweis. Bei Bekanntwerden von Rechtsverletzungen werden wir derartige Inhalte umgehend entfernen.\t\t\n\t<\/div>\n<\/div>\t\t\t\t<\/div>\n\t\t\t\t<\/div>\n\t\t\t\t\t<\/div>\r\n\t\t\t\t<\/div>\r\n\t\t\t\t<\/div>","protected":false},"excerpt":{"rendered":"<p>Impressum Energiewelt24 Anbieter Kennung Energiewelt24 Orchideenweg 8 55126 Mainz +49 (0) 6131 \u2013 9309331 +49 (0) 6131 \u2013 9309332 +49 (0) 177 \u2013 8863923 info@engw24.de www.engw24.de Rechtliche Informationen Inhaber: Herr Hans W. Schmandt Rechtsform: Einzelfirma Registerart: Handelsregister SteuerNr.: 26\/149\/60576 Umsatzsteuer-ID:DE218019183 Allgemeine Informationen Online-Streitbeilegung gem\u00e4\u00df Art. 14 Abs. 1 ODR-VO: Die Europ\u00e4ische Kommission stellt eine Plattform [&hellip;]<\/p>\n","protected":false},"author":1,"featured_media":0,"parent":0,"menu_order":0,"comment_status":"closed","ping_status":"closed","template":"","meta":{"footnotes":""},"class_list":["post-12657","page","type-page","status-publish","hentry"],"_links":{"self":[{"href":"https:\/\/www.engw24.de\/en\/wp-json\/wp\/v2\/pages\/12657","targetHints":{"allow":["GET"]}}],"collection":[{"href":"https:\/\/www.engw24.de\/en\/wp-json\/wp\/v2\/pages"}],"about":[{"href":"https:\/\/www.engw24.de\/en\/wp-json\/wp\/v2\/types\/page"}],"author":[{"embeddable":true,"href":"https:\/\/www.engw24.de\/en\/wp-json\/wp\/v2\/users\/1"}],"replies":[{"embeddable":true,"href":"https:\/\/www.engw24.de\/en\/wp-json\/wp\/v2\/comments?post=12657"}],"version-history":[{"count":20,"href":"https:\/\/www.engw24.de\/en\/wp-json\/wp\/v2\/pages\/12657\/revisions"}],"predecessor-version":[{"id":13102,"href":"https:\/\/www.engw24.de\/en\/wp-json\/wp\/v2\/pages\/12657\/revisions\/13102"}],"wp:attachment":[{"href":"https:\/\/www.engw24.de\/en\/wp-json\/wp\/v2\/media?parent=12657"}],"curies":[{"name":"wp","href":"https:\/\/api.w.org\/{rel}","templated":true}]}}