{"id":12623,"date":"2026-03-11T12:50:39","date_gmt":"2026-03-11T11:50:39","guid":{"rendered":"https:\/\/engw24.de\/?page_id=12623"},"modified":"2026-03-17T15:20:33","modified_gmt":"2026-03-17T14:20:33","slug":"gewerbekunden","status":"publish","type":"page","link":"https:\/\/www.engw24.de\/en\/gewerbekunden\/","title":{"rendered":"Gewerbekunden"},"content":{"rendered":"<div data-elementor-type=\"wp-page\" data-elementor-id=\"12623\" class=\"elementor elementor-12623\">\n\t\t\t\t        <section class=\"elementor-section elementor-top-section elementor-element elementor-element-ba824f2 elementor-section-stretched pxl-row-scroll-fixed elementor-section-boxed elementor-section-height-default elementor-section-height-default pxl-zoom-point-false pxl-section-overflow-visible pxl-section-fix-none\" data-id=\"ba824f2\" data-element_type=\"section\" data-e-type=\"section\" data-settings=\"{&quot;stretch_section&quot;:&quot;section-stretched&quot;,&quot;background_background&quot;:&quot;classic&quot;}\">\n\n                \n                <div class=\"elementor-container elementor-column-gap-extended\">\n                <div class=\"elementor-column elementor-col-100 elementor-top-column elementor-element elementor-element-efc3200 pxl-column-none pxl-column-overflow-hidden-no\" data-id=\"efc3200\" data-element_type=\"column\" data-e-type=\"column\">\r\n        <div class=\"elementor-widget-wrap elementor-element-populated\">\r\n                     \r\n        \t\t<div class=\"elementor-element elementor-element-9d86b7c elementor-widget elementor-widget-pxl_heading\" data-id=\"9d86b7c\" data-element_type=\"widget\" data-e-type=\"widget\" data-widget_type=\"pxl_heading.default\">\n\t\t\t\t<div class=\"elementor-widget-container\">\n\t\t\t\t\t<div id=\"pxl-pxl_heading-9d86b7c-5038\" class=\"pxl-heading\">\n\t<div class=\"pxl-item--container\">\n\t\t<div class=\"pxl-item--inner\">\n\t\t\t\t\t\t\t<div class=\"pxl-item--subtitle pxl-subtitle-default\" data-wow-delay=\"ms\">\n\t\t\t\t\t\t\t\t\t\t\t<svg width=\"52\" height=\"20\" viewbox=\"0 0 52 20\" fill=\"none\" xmlns=\"http:\/\/www.w3.org\/2000\/svg\">\n\t\t\t\t\t\t\t<rect y=\"11\" width=\"50\" height=\"1\" fill=\"#86BB46\"\/>\n\t\t\t\t\t\t\t<rect class=\"pxl-move-rect\" x=\"44.7782\" y=\"4\" width=\"10\" height=\"10\" transform=\"rotate(45 44.7782 4)\" fill=\"#86BB46\"\/>\n\t\t\t\t\t\t<\/svg>\n\t\t\t\t\t\t\t\t\t\t<span class=\"pxl-item--subtext\">\n\t\t\t\t\t\tGewerbekunden\t\t\t\t\t<\/span>\n\t\t\t\t<\/div>\n\t\t\t\t\t\t\t\t\t\t<h2 class=\"pxl-item--title  h2\" \n\t\t\t\tdata-wow-delay=\"ms\">\n\t\t\t\t\t\t\t\t\t\t\tGewerbestrom und Gewerbegas \u2013 Energiekosten f\u00fcr Unternehmen optimieren\t\t\t\t\t\t\t\t\t<\/h2>\n\t\t\t\t\t<\/div>\n\t<\/div>\n<\/div>\t\t\t\t<\/div>\n\t\t\t\t<\/div>\n\t\t\t\t<div class=\"elementor-element elementor-element-aadbecc elementor-widget elementor-widget-pxl_text_editor\" data-id=\"aadbecc\" data-element_type=\"widget\" data-e-type=\"widget\" data-widget_type=\"pxl_text_editor.default\">\n\t\t\t\t<div class=\"elementor-widget-container\">\n\t\t\t\t\t<div class=\"pxl-text-editor\">\n\t<div class=\"pxl-item--inner pxl-text2\" data-wow-delay=\"ms\">\n\t\t<p data-start=\"292\" data-end=\"564\">Steigende Energiepreise stellen viele Unternehmen vor gro\u00dfe Herausforderungen. Besonders f\u00fcr Gewerbebetriebe mit hohem Energieverbrauch ist es wichtig, <strong data-start=\"444\" data-end=\"494\">Strom- und Gaskosten langfristig zu optimieren<\/strong> und einen zuverl\u00e4ssigen Energiedienstleister an ihrer Seite zu haben.<\/p><\/br>\n<p data-start=\"566\" data-end=\"848\"><strong data-start=\"566\" data-end=\"583\">Energiewelt24<\/strong> unterst\u00fctzt Gewerbekunden dabei, <strong data-start=\"617\" data-end=\"656\">individuelle Strom- und Gasl\u00f6sungen<\/strong> zu finden und die Energiebeschaffung effizient zu gestalten. Unser Ziel ist es, Ihrem Unternehmen <strong data-start=\"755\" data-end=\"832\">faire Energiepreise, transparente Tarife und eine zuverl\u00e4ssige Versorgung<\/strong> zu erm\u00f6glichen.<\/p>\t\t\n\t<\/div>\n<\/div>\t\t\t\t<\/div>\n\t\t\t\t<\/div>\n\t\t\t\t<div class=\"elementor-element elementor-element-eba3687 elementor-widget elementor-widget-pxl_heading\" data-id=\"eba3687\" data-element_type=\"widget\" data-e-type=\"widget\" data-widget_type=\"pxl_heading.default\">\n\t\t\t\t<div class=\"elementor-widget-container\">\n\t\t\t\t\t<div id=\"pxl-pxl_heading-eba3687-5542\" class=\"pxl-heading\">\n\t<div class=\"pxl-item--container\">\n\t\t<div class=\"pxl-item--inner\">\n\t\t\t\t\t\t\t\t\t\t<div class=\"pxl-item--title pxl-h-underlined1 div\" \n\t\t\t\tdata-wow-delay=\"ms\">\n\t\t\t\t\t\t\t\t\t\t\tIndividuelle Energiel\u00f6sungen f\u00fcr Gewerbekunden\t\t\t\t\t\t\t\t\t<\/div>\n\t\t\t\t\t<\/div>\n\t<\/div>\n<\/div>\t\t\t\t<\/div>\n\t\t\t\t<\/div>\n\t\t\t\t<div class=\"elementor-element elementor-element-a469c5a elementor-widget elementor-widget-pxl_text_editor\" data-id=\"a469c5a\" data-element_type=\"widget\" data-e-type=\"widget\" data-widget_type=\"pxl_text_editor.default\">\n\t\t\t\t<div class=\"elementor-widget-container\">\n\t\t\t\t\t<div class=\"pxl-text-editor\">\n\t<div class=\"pxl-item--inner pxl-text2\" data-wow-delay=\"ms\">\n\t\t<p data-start=\"906\" data-end=\"1237\">Jedes Unternehmen hat unterschiedliche Anforderungen an seine Energieversorgung. Deshalb analysieren wir zun\u00e4chst den <strong data-start=\"1024\" data-end=\"1076\">tats\u00e4chlichen Energieverbrauch und die Lastg\u00e4nge<\/strong> Ihres Betriebs. Auf dieser Grundlage entwickeln wir eine <strong data-start=\"1134\" data-end=\"1186\">individuelle Einkaufsstrategie f\u00fcr Strom und Gas<\/strong>, die genau zu Ihren betrieblichen Prozessen passt.<\/p><\/br>\n<p data-start=\"1239\" data-end=\"1275\">Unsere Leistungen f\u00fcr Gewerbekunden:<\/p>\t\t\n\t<\/div>\n<\/div>\t\t\t\t<\/div>\n\t\t\t\t<\/div>\n\t\t\t\t<div class=\"elementor-element elementor-element-bb9575c elementor-widget__width-initial elementor-widget elementor-widget-pxl_image\" data-id=\"bb9575c\" data-element_type=\"widget\" data-e-type=\"widget\" data-widget_type=\"pxl_image.default\">\n\t\t\t\t<div class=\"elementor-widget-container\">\n\t\t\t\t\t<div id=\"pxl_image-bb9575c-4202\"  class=\"pxl-image-single\"  data-wow-delay=\"ms\">\r\n    <div class=\"pxl-item--container\">\r\n        <div class=\"pxl-item--inner\"  \r\n                        data-parallax-value = \"0\">\r\n                                                <div class=\"pxl-item--image\" >\r\n                                                    <img fetchpriority=\"high\" decoding=\"async\" class=\"no-lazyload\" src=\"https:\/\/www.engw24.de\/wp-content\/uploads\/2026\/03\/energiewelt24_gewerbekunden_banner1-614x409.jpg\" width=\"614\" height=\"409\" alt=\"Energiewelt24 Gas und Stromtarife f\u00fcr Gewerbekunden\" title=\"energiewelt24_gewerbekunden_banner1\" \/>                                            <\/div>\r\n                                <!-- Overlay -->\r\n                                    <\/div>\r\n    <\/div>\r\n<\/div>\r\n\t\t\t\t<\/div>\n\t\t\t\t<\/div>\n\t\t\t\t<div class=\"elementor-element elementor-element-066c91e elementor-widget__width-initial elementor-widget elementor-widget-pxl_list\" data-id=\"066c91e\" data-element_type=\"widget\" data-e-type=\"widget\" data-widget_type=\"pxl_list.default\">\n\t\t\t\t<div class=\"elementor-widget-container\">\n\t\t\t\t\t<!-- Template -->\r\n     <div class=\"pxl-list pxl-list1 pxl-list-style1\">\r\n        <div class=\"pxl-item--container\">\r\n            <div class=\"pxl-item--inner\">\r\n                <ul class=\"pxl-item--list\">\r\n                                                                    <li class=\"pxl-item--single\"  data-wow-delay=\"0ms\">\r\n                                                            <i aria-hidden=\"true\" class=\"flaticon flaticon-bullet-tick\"><\/i>                                                        <span class=\"pxl-item--text\">Analyse des Strom- und Gasverbrauchs<\/span>\r\n                        <\/li>\r\n                                                                    <li class=\"pxl-item--single\"  data-wow-delay=\"0ms\">\r\n                                                            <i aria-hidden=\"true\" class=\"flaticon flaticon-bullet-tick\"><\/i>                                                        <span class=\"pxl-item--text\">Optimierung der Energiekosten<\/span>\r\n                        <\/li>\r\n                                                                    <li class=\"pxl-item--single\"  data-wow-delay=\"0ms\">\r\n                                                            <i aria-hidden=\"true\" class=\"flaticon flaticon-bullet-tick\"><\/i>                                                        <span class=\"pxl-item--text\">individueller Gewerbestrom- und Gewerbegas-Tarifvergleich<\/span>\r\n                        <\/li>\r\n                                                                    <li class=\"pxl-item--single\"  data-wow-delay=\"0ms\">\r\n                                                            <i aria-hidden=\"true\" class=\"flaticon flaticon-bullet-tick\"><\/i>                                                        <span class=\"pxl-item--text\">pers\u00f6nliche Betreuung und Beratung<\/span>\r\n                        <\/li>\r\n                                                                    <li class=\"pxl-item--single\"  data-wow-delay=\"0ms\">\r\n                                                            <i aria-hidden=\"true\" class=\"flaticon flaticon-bullet-tick\"><\/i>                                                        <span class=\"pxl-item--text\">langfristige Energieplanung f\u00fcr Unternehmen<\/span>\r\n                        <\/li>\r\n                                    <\/ul>\r\n            <\/div>\r\n        <\/div> \r\n    <\/div>\r\n\t\t\t\t<\/div>\n\t\t\t\t<\/div>\n\t\t\t\t<div class=\"elementor-element elementor-element-7550ba7 elementor-widget elementor-widget-pxl_heading\" data-id=\"7550ba7\" data-element_type=\"widget\" data-e-type=\"widget\" data-widget_type=\"pxl_heading.default\">\n\t\t\t\t<div class=\"elementor-widget-container\">\n\t\t\t\t\t<div id=\"pxl-pxl_heading-7550ba7-6416\" class=\"pxl-heading\">\n\t<div class=\"pxl-item--container\">\n\t\t<div class=\"pxl-item--inner\">\n\t\t\t\t\t\t\t\t\t\t<div class=\"pxl-item--title pxl-h-underlined1 div\" \n\t\t\t\tdata-wow-delay=\"ms\">\n\t\t\t\t\t\t\t\t\t\t\tStromkosten im Unternehmen nachhaltig senken\t\t\t\t\t\t\t\t\t<\/div>\n\t\t\t\t\t<\/div>\n\t<\/div>\n<\/div>\t\t\t\t<\/div>\n\t\t\t\t<\/div>\n\t\t\t\t<div class=\"elementor-element elementor-element-7ba51c9 elementor-widget__width-initial elementor-widget elementor-widget-pxl_text_editor\" data-id=\"7ba51c9\" data-element_type=\"widget\" data-e-type=\"widget\" data-widget_type=\"pxl_text_editor.default\">\n\t\t\t\t<div class=\"elementor-widget-container\">\n\t\t\t\t\t<div class=\"pxl-text-editor\">\n\t<div class=\"pxl-item--inner pxl-text2\" data-wow-delay=\"ms\">\n\t\t<p data-start=\"1558\" data-end=\"1768\">Bereits ab einem Strombedarf von mehreren tausend Kilowattstunden pro Jahr k\u00f6nnen Unternehmen erheblich sparen. Durch eine optimierte Energiebeschaffung lassen sich <strong data-start=\"1723\" data-end=\"1767\">Strom- und Gaspreise deutlich reduzieren<\/strong>.<\/p><\/br>\n<p data-start=\"1770\" data-end=\"2030\">Da Energiewelt24 <strong data-start=\"1787\" data-end=\"1833\">unabh\u00e4ngig von einzelnen Energieversorgern<\/strong> arbeitet, k\u00f6nnen wir aus einer Vielzahl von Anbietern die beste L\u00f6sung f\u00fcr Ihr Unternehmen ausw\u00e4hlen. Dadurch erhalten Sie <strong data-start=\"1957\" data-end=\"2029\">optimierte Preise, faire Vertragsbedingungen und transparente Tarife<\/strong>.<\/p>\t\t\n\t<\/div>\n<\/div>\t\t\t\t<\/div>\n\t\t\t\t<\/div>\n\t\t\t\t<div class=\"elementor-element elementor-element-fea676b elementor-widget elementor-widget-pxl_heading\" data-id=\"fea676b\" data-element_type=\"widget\" data-e-type=\"widget\" data-widget_type=\"pxl_heading.default\">\n\t\t\t\t<div class=\"elementor-widget-container\">\n\t\t\t\t\t<div id=\"pxl-pxl_heading-fea676b-2417\" class=\"pxl-heading\">\n\t<div class=\"pxl-item--container\">\n\t\t<div class=\"pxl-item--inner\">\n\t\t\t\t\t\t\t\t\t\t<div class=\"pxl-item--title pxl-h-underlined1 div\" \n\t\t\t\tdata-wow-delay=\"ms\">\n\t\t\t\t\t\t\t\t\t\t\tDirekter Zugang zu Energiehandelsm\u00e4rkten\t\t\t\t\t\t\t\t\t<\/div>\n\t\t\t\t\t<\/div>\n\t<\/div>\n<\/div>\t\t\t\t<\/div>\n\t\t\t\t<\/div>\n\t\t\t\t<div class=\"elementor-element elementor-element-1325035 elementor-widget elementor-widget-pxl_text_editor\" data-id=\"1325035\" data-element_type=\"widget\" data-e-type=\"widget\" data-widget_type=\"pxl_text_editor.default\">\n\t\t\t\t<div class=\"elementor-widget-container\">\n\t\t\t\t\t<div class=\"pxl-text-editor\">\n\t<div class=\"pxl-item--inner pxl-text3\" data-wow-delay=\"ms\">\n\t\t<p data-start=\"2082\" data-end=\"2290\">In vielen F\u00e4llen k\u00f6nnen wir Unternehmen direkt an <strong data-start=\"2132\" data-end=\"2157\">Strom- oder Gasb\u00f6rsen<\/strong> anbinden. Dadurch lassen sich h\u00e4ufig zus\u00e4tzliche Einsparungen erzielen, da teure Zwischenh\u00e4ndler und hohe Vertriebskosten entfallen.<\/p><\/br>\n<p data-start=\"2292\" data-end=\"2306\">Ihre Vorteile:<\/p>\t\t\n\t<\/div>\n<\/div>\t\t\t\t<\/div>\n\t\t\t\t<\/div>\n\t\t\t\t<div class=\"elementor-element elementor-element-bce9325 elementor-widget__width-initial elementor-widget elementor-widget-pxl_list\" data-id=\"bce9325\" data-element_type=\"widget\" data-e-type=\"widget\" data-widget_type=\"pxl_list.default\">\n\t\t\t\t<div class=\"elementor-widget-container\">\n\t\t\t\t\t<!-- Template -->\r\n     <div class=\"pxl-list pxl-list1 pxl-list-style1\">\r\n        <div class=\"pxl-item--container\">\r\n            <div class=\"pxl-item--inner\">\r\n                <ul class=\"pxl-item--list\">\r\n                                                                    <li class=\"pxl-item--single\"  data-wow-delay=\"0ms\">\r\n                                                            <i aria-hidden=\"true\" class=\"flaticon flaticon-bullet-tick\"><\/i>                                                        <span class=\"pxl-item--text\">bessere Einkaufspreise f\u00fcr Strom und Gas<\/span>\r\n                        <\/li>\r\n                                                                    <li class=\"pxl-item--single\"  data-wow-delay=\"0ms\">\r\n                                                            <i aria-hidden=\"true\" class=\"flaticon flaticon-bullet-tick\"><\/i>                                                        <span class=\"pxl-item--text\">flexible Beschaffungsmodelle<\/span>\r\n                        <\/li>\r\n                                                                    <li class=\"pxl-item--single\"  data-wow-delay=\"0ms\">\r\n                                                            <i aria-hidden=\"true\" class=\"flaticon flaticon-bullet-tick\"><\/i>                                                        <span class=\"pxl-item--text\">transparente Preisgestaltung<\/span>\r\n                        <\/li>\r\n                                                                    <li class=\"pxl-item--single\"  data-wow-delay=\"0ms\">\r\n                                                            <i aria-hidden=\"true\" class=\"flaticon flaticon-bullet-tick\"><\/i>                                                        <span class=\"pxl-item--text\">langfristige Planungssicherheit<\/span>\r\n                        <\/li>\r\n                                    <\/ul>\r\n            <\/div>\r\n        <\/div> \r\n    <\/div>\r\n\t\t\t\t<\/div>\n\t\t\t\t<\/div>\n\t\t\t\t<div class=\"elementor-element elementor-element-9568ca2 elementor-widget elementor-widget-pxl_heading\" data-id=\"9568ca2\" data-element_type=\"widget\" data-e-type=\"widget\" data-widget_type=\"pxl_heading.default\">\n\t\t\t\t<div class=\"elementor-widget-container\">\n\t\t\t\t\t<div id=\"pxl-pxl_heading-9568ca2-5983\" class=\"pxl-heading\">\n\t<div class=\"pxl-item--container\">\n\t\t<div class=\"pxl-item--inner\">\n\t\t\t\t\t\t\t\t\t\t<div class=\"pxl-item--title pxl-h-underlined1 div\" \n\t\t\t\tdata-wow-delay=\"ms\">\n\t\t\t\t\t\t\t\t\t\t\tPers\u00f6nliche Energieberatung f\u00fcr Unternehmen\t\t\t\t\t\t\t\t\t<\/div>\n\t\t\t\t\t<\/div>\n\t<\/div>\n<\/div>\t\t\t\t<\/div>\n\t\t\t\t<\/div>\n\t\t\t\t<div class=\"elementor-element elementor-element-3d79b22 elementor-widget elementor-widget-pxl_text_editor\" data-id=\"3d79b22\" data-element_type=\"widget\" data-e-type=\"widget\" data-widget_type=\"pxl_text_editor.default\">\n\t\t\t\t<div class=\"elementor-widget-container\">\n\t\t\t\t\t<div class=\"pxl-text-editor\">\n\t<div class=\"pxl-item--inner pxl-text3\" data-wow-delay=\"ms\">\n\t\t<p data-start=\"2507\" data-end=\"2726\">F\u00fcr Energiewelt24 stehen <strong data-start=\"2532\" data-end=\"2585\">Sicherheit, Transparenz und pers\u00f6nliche Betreuung<\/strong> an erster Stelle. Eine vertrauensvolle Zusammenarbeit mit unseren Gewerbekunden ist f\u00fcr uns die Grundlage einer erfolgreichen Partnerschaft.<\/p><\/br>\n<p data-start=\"2728\" data-end=\"2783\">Wir begleiten Ihr Unternehmen bei allen Fragen rund um:<\/p>\t\t\n\t<\/div>\n<\/div>\t\t\t\t<\/div>\n\t\t\t\t<\/div>\n\t\t\t\t<div class=\"elementor-element elementor-element-c184630 elementor-widget__width-initial elementor-widget elementor-widget-pxl_list\" data-id=\"c184630\" data-element_type=\"widget\" data-e-type=\"widget\" data-widget_type=\"pxl_list.default\">\n\t\t\t\t<div class=\"elementor-widget-container\">\n\t\t\t\t\t<!-- Template -->\r\n     <div class=\"pxl-list pxl-list1 pxl-list-style1\">\r\n        <div class=\"pxl-item--container\">\r\n            <div class=\"pxl-item--inner\">\r\n                <ul class=\"pxl-item--list\">\r\n                                                                    <li class=\"pxl-item--single\"  data-wow-delay=\"0ms\">\r\n                                                            <i aria-hidden=\"true\" class=\"flaticon flaticon-bullet-tick\"><\/i>                                                        <span class=\"pxl-item--text\">Strombeschaffung f\u00fcr Gewerbe<\/span>\r\n                        <\/li>\r\n                                                                    <li class=\"pxl-item--single\"  data-wow-delay=\"0ms\">\r\n                                                            <i aria-hidden=\"true\" class=\"flaticon flaticon-bullet-tick\"><\/i>                                                        <span class=\"pxl-item--text\">Gasversorgung f\u00fcr Unternehmen<\/span>\r\n                        <\/li>\r\n                                                                    <li class=\"pxl-item--single\"  data-wow-delay=\"0ms\">\r\n                                                            <i aria-hidden=\"true\" class=\"flaticon flaticon-bullet-tick\"><\/i>                                                        <span class=\"pxl-item--text\">Energiepreisoptimierung<\/span>\r\n                        <\/li>\r\n                                                                    <li class=\"pxl-item--single\"  data-wow-delay=\"0ms\">\r\n                                                            <i aria-hidden=\"true\" class=\"flaticon flaticon-bullet-tick\"><\/i>                                                        <span class=\"pxl-item--text\">langfristige Energiekonzepte<\/span>\r\n                        <\/li>\r\n                                    <\/ul>\r\n            <\/div>\r\n        <\/div> \r\n    <\/div>\r\n\t\t\t\t<\/div>\n\t\t\t\t<\/div>\n\t\t\t\t<div class=\"elementor-element elementor-element-30560bf elementor-widget elementor-widget-pxl_heading\" data-id=\"30560bf\" data-element_type=\"widget\" data-e-type=\"widget\" data-widget_type=\"pxl_heading.default\">\n\t\t\t\t<div class=\"elementor-widget-container\">\n\t\t\t\t\t<div id=\"pxl-pxl_heading-30560bf-3480\" class=\"pxl-heading\">\n\t<div class=\"pxl-item--container\">\n\t\t<div class=\"pxl-item--inner\">\n\t\t\t\t\t\t\t\t\t\t<div class=\"pxl-item--title pxl-h-underlined1 div\" \n\t\t\t\tdata-wow-delay=\"ms\">\n\t\t\t\t\t\t\t\t\t\t\tJetzt Strom- und Gaskosten im Unternehmen optimieren\t\t\t\t\t\t\t\t\t<\/div>\n\t\t\t\t\t<\/div>\n\t<\/div>\n<\/div>\t\t\t\t<\/div>\n\t\t\t\t<\/div>\n\t\t\t\t<div class=\"elementor-element elementor-element-bbaa60f elementor-widget elementor-widget-pxl_text_editor\" data-id=\"bbaa60f\" data-element_type=\"widget\" data-e-type=\"widget\" data-widget_type=\"pxl_text_editor.default\">\n\t\t\t\t<div class=\"elementor-widget-container\">\n\t\t\t\t\t<div class=\"pxl-text-editor\">\n\t<div class=\"pxl-item--inner pxl-text3\" data-wow-delay=\"ms\">\n\t\t<p data-start=\"2974\" data-end=\"3220\">Nutzen Sie die M\u00f6glichkeit, Ihre Energiekosten nachhaltig zu senken und Ihre Energieversorgung effizient zu gestalten. Unsere Experten analysieren Ihren Energieverbrauch und erstellen ein <strong data-start=\"3162\" data-end=\"3219\">individuelles Angebot f\u00fcr Gewerbestrom und Gewerbegas<\/strong>.<\/p><\/br>\n<p data-start=\"3222\" data-end=\"3385\"><strong data-start=\"3222\" data-end=\"3385\">Vereinbaren Sie jetzt ein unverbindliches Beratungsgespr\u00e4ch mit Energiewelt24 und entdecken Sie neue M\u00f6glichkeiten zur Energieoptimierung in Ihrem Unternehmen.<\/strong><\/p>\t\t\n\t<\/div>\n<\/div>\t\t\t\t<\/div>\n\t\t\t\t<\/div>\n\t\t\t\t<div class=\"elementor-element elementor-element-97e740d elementor-widget__width-initial elementor-widget elementor-widget-pxl_button\" data-id=\"97e740d\" data-element_type=\"widget\" data-e-type=\"widget\" data-widget_type=\"pxl_button.default\">\n\t\t\t\t<div class=\"elementor-widget-container\">\n\t\t\t\t\t\r\n<div id=\"pxl-pxl_button-97e740d-4614\" class=\"pxl-button\" data-wow-delay=\"ms\">\r\n    <div class=\"pxl-item--container\">\r\n        <div class=\"pxl-item--inner\">\r\n            <a class=\"btn pxl-btn-basic pxl-btn-basic2   pxl-hover-split-bg pxl-atc-link\" href=\"tel:+4961319309331\" data-text=\"Termin vereinbaren\" \r\n            >\r\n                <span class=\"pxl-btn--icon\">\r\n                                    <\/span>\r\n                                    <span class=\"pxl-btn--text\">Termin vereinbaren<\/span>\r\n                            <\/a>\r\n        <\/div>\r\n    <\/div>\r\n<\/div>\r\n\t\t\t\t<\/div>\n\t\t\t\t<\/div>\n\t\t\t\t<div class=\"elementor-element elementor-element-5cb719d elementor-widget__width-initial elementor-widget elementor-widget-pxl_button\" data-id=\"5cb719d\" data-element_type=\"widget\" data-e-type=\"widget\" data-widget_type=\"pxl_button.default\">\n\t\t\t\t<div class=\"elementor-widget-container\">\n\t\t\t\t\t\r\n<div id=\"pxl-pxl_button-5cb719d-7433\" class=\"pxl-button\" data-wow-delay=\"ms\">\r\n    <div class=\"pxl-item--container\">\r\n        <div class=\"pxl-item--inner\">\r\n            <a class=\"btn pxl-btn-basic pxl-btn-basic2   pxl-hover-split-bg pxl-atc-link\" href=\"https:\/\/www.engw24.de\/en\/kontakt\/\" data-text=\"Kontakt\" \r\n            >\r\n                <span class=\"pxl-btn--icon\">\r\n                                    <\/span>\r\n                                    <span class=\"pxl-btn--text\">Kontakt<\/span>\r\n                            <\/a>\r\n        <\/div>\r\n    <\/div>\r\n<\/div>\r\n\t\t\t\t<\/div>\n\t\t\t\t<\/div>\n\t\t            <\/div>\r\n        <\/div>\r\n        \t\t\t<\/div>\n\t\t<\/section>\n\t\t\t\t<\/div>","protected":false},"excerpt":{"rendered":"<p>Gewerbekunden Gewerbestrom und Gewerbegas \u2013 Energiekosten f\u00fcr Unternehmen optimieren Steigende Energiepreise stellen viele Unternehmen vor gro\u00dfe Herausforderungen. Besonders f\u00fcr Gewerbebetriebe mit hohem Energieverbrauch ist es wichtig, Strom- und Gaskosten langfristig zu optimieren und einen zuverl\u00e4ssigen Energiedienstleister an ihrer Seite zu haben. &nbsp; Energiewelt24 unterst\u00fctzt Gewerbekunden dabei, individuelle Strom- und Gasl\u00f6sungen zu finden und die Energiebeschaffung [&hellip;]<\/p>\n","protected":false},"author":1,"featured_media":0,"parent":0,"menu_order":0,"comment_status":"closed","ping_status":"closed","template":"","meta":{"footnotes":""},"class_list":["post-12623","page","type-page","status-publish","hentry"],"_links":{"self":[{"href":"https:\/\/www.engw24.de\/en\/wp-json\/wp\/v2\/pages\/12623","targetHints":{"allow":["GET"]}}],"collection":[{"href":"https:\/\/www.engw24.de\/en\/wp-json\/wp\/v2\/pages"}],"about":[{"href":"https:\/\/www.engw24.de\/en\/wp-json\/wp\/v2\/types\/page"}],"author":[{"embeddable":true,"href":"https:\/\/www.engw24.de\/en\/wp-json\/wp\/v2\/users\/1"}],"replies":[{"embeddable":true,"href":"https:\/\/www.engw24.de\/en\/wp-json\/wp\/v2\/comments?post=12623"}],"version-history":[{"count":14,"href":"https:\/\/www.engw24.de\/en\/wp-json\/wp\/v2\/pages\/12623\/revisions"}],"predecessor-version":[{"id":13100,"href":"https:\/\/www.engw24.de\/en\/wp-json\/wp\/v2\/pages\/12623\/revisions\/13100"}],"wp:attachment":[{"href":"https:\/\/www.engw24.de\/en\/wp-json\/wp\/v2\/media?parent=12623"}],"curies":[{"name":"wp","href":"https:\/\/api.w.org\/{rel}","templated":true}]}}